{"id":451,"date":"2025-09-08T13:47:39","date_gmt":"2025-09-08T13:47:39","guid":{"rendered":"https:\/\/abotix.de\/?page_id=451"},"modified":"2025-09-08T14:02:00","modified_gmt":"2025-09-08T14:02:00","slug":"treppenhausreinigung","status":"publish","type":"page","link":"https:\/\/abotix.de\/?page_id=451","title":{"rendered":"Treppenhausreinigung"},"content":{"rendered":"\t\t<div data-elementor-type=\"wp-page\" data-elementor-id=\"451\" class=\"elementor elementor-451\">\n\t\t\t\t<div class=\"elementor-element elementor-element-1fddd0f3 e-flex e-con-boxed e-con e-parent\" data-id=\"1fddd0f3\" data-element_type=\"container\" data-settings=\"{&quot;background_background&quot;:&quot;classic&quot;}\">\n\t\t\t\t\t<div class=\"e-con-inner\">\n\t\t\t\t<div class=\"elementor-element elementor-element-00c8757 elementor-widget elementor-widget-heading\" data-id=\"00c8757\" data-element_type=\"widget\" data-widget_type=\"heading.default\">\n\t\t\t\t\t<h1 class=\"elementor-heading-title elementor-size-default\">Glas- &amp; Fensterreinigung<\/h1>\t\t\t\t<\/div>\n\t\t\t\t<div class=\"elementor-element elementor-element-7b6b8e0 elementor-widget elementor-widget-heading\" data-id=\"7b6b8e0\" data-element_type=\"widget\" data-widget_type=\"heading.default\">\n\t\t\t\t\t<p class=\"elementor-heading-title elementor-size-default\">Einladend und sicher vom ersten Schritt<\/p>\t\t\t\t<\/div>\n\t\t\t\t\t<\/div>\n\t\t\t\t<\/div>\n\t\t<div class=\"elementor-element elementor-element-4cf13b6 e-flex e-con-boxed e-con e-parent\" data-id=\"4cf13b6\" data-element_type=\"container\">\n\t\t\t\t\t<div class=\"e-con-inner\">\n\t\t\t\t<div class=\"elementor-element elementor-element-0d7977d elementor-widget elementor-widget-text-editor\" data-id=\"0d7977d\" data-element_type=\"widget\" data-widget_type=\"text-editor.default\">\n\t\t\t\t\t\t\t\t\t<p><strong>Ein gepflegtes Treppenhaus ist das Aush\u00e4ngeschild Ihrer Immobilie.<\/strong> <span class=\"\">Wir <\/span><span class=\"\">sorgen <\/span><span class=\"\">daf\u00fcr, <\/span><span class=\"\">dass <\/span><span class=\"\">Stufen, <\/span><span class=\"\">Gel\u00e4nder <\/span><span class=\"\">und <\/span><span class=\"\">Handl\u00e4ufe <\/span><span class=\"\">sauber <\/span><span class=\"\">und <\/span><span class=\"\">sicher <\/span><span class=\"\">sind.<\/span><\/p>\t\t\t\t\t\t\t\t<\/div>\n\t\t<div class=\"elementor-element elementor-element-4d7133e e-con-full e-flex e-con e-child\" data-id=\"4d7133e\" data-element_type=\"container\">\n\t\t<div class=\"elementor-element elementor-element-e7bd905 e-con-full e-flex e-con e-child\" data-id=\"e7bd905\" data-element_type=\"container\">\n\t\t\t\t<div class=\"elementor-element elementor-element-7cc3555 elementor-widget elementor-widget-heading\" data-id=\"7cc3555\" data-element_type=\"widget\" data-widget_type=\"heading.default\">\n\t\t\t\t\t<h3 class=\"elementor-heading-title elementor-size-default\">Unsere Leistungen:<\/h3>\t\t\t\t<\/div>\n\t\t\t\t<div class=\"elementor-element elementor-element-73b6a3b elementor-icon-list--layout-traditional elementor-list-item-link-full_width elementor-widget elementor-widget-icon-list\" data-id=\"73b6a3b\" data-element_type=\"widget\" data-widget_type=\"icon-list.default\">\n\t\t\t\t\t\t\t<ul class=\"elementor-icon-list-items\">\n\t\t\t\t\t\t\t<li class=\"elementor-icon-list-item\">\n\t\t\t\t\t\t\t\t\t\t\t<span class=\"elementor-icon-list-icon\">\n\t\t\t\t\t\t\t<svg aria-hidden=\"true\" class=\"e-font-icon-svg e-fas-check\" viewBox=\"0 0 512 512\" xmlns=\"http:\/\/www.w3.org\/2000\/svg\"><path d=\"M173.898 439.404l-166.4-166.4c-9.997-9.997-9.997-26.206 0-36.204l36.203-36.204c9.997-9.998 26.207-9.998 36.204 0L192 312.69 432.095 72.596c9.997-9.997 26.207-9.997 36.204 0l36.203 36.204c9.997 9.997 9.997 26.206 0 36.204l-294.4 294.401c-9.998 9.997-26.207 9.997-36.204-.001z\"><\/path><\/svg>\t\t\t\t\t\t<\/span>\n\t\t\t\t\t\t\t\t\t\t<span class=\"elementor-icon-list-text\">Reinigung von Stufen, Gel\u00e4ndern und Handl\u00e4ufen<\/span>\n\t\t\t\t\t\t\t\t\t<\/li>\n\t\t\t\t\t\t\t\t<li class=\"elementor-icon-list-item\">\n\t\t\t\t\t\t\t\t\t\t\t<span class=\"elementor-icon-list-icon\">\n\t\t\t\t\t\t\t<svg aria-hidden=\"true\" class=\"e-font-icon-svg e-fas-check\" viewBox=\"0 0 512 512\" xmlns=\"http:\/\/www.w3.org\/2000\/svg\"><path d=\"M173.898 439.404l-166.4-166.4c-9.997-9.997-9.997-26.206 0-36.204l36.203-36.204c9.997-9.998 26.207-9.998 36.204 0L192 312.69 432.095 72.596c9.997-9.997 26.207-9.997 36.204 0l36.203 36.204c9.997 9.997 9.997 26.206 0 36.204l-294.4 294.401c-9.998 9.997-26.207 9.997-36.204-.001z\"><\/path><\/svg>\t\t\t\t\t\t<\/span>\n\t\t\t\t\t\t\t\t\t\t<span class=\"elementor-icon-list-text\">Pflege von Podesten und Fluchtwegen<\/span>\n\t\t\t\t\t\t\t\t\t<\/li>\n\t\t\t\t\t\t\t\t<li class=\"elementor-icon-list-item\">\n\t\t\t\t\t\t\t\t\t\t\t<span class=\"elementor-icon-list-icon\">\n\t\t\t\t\t\t\t<svg aria-hidden=\"true\" class=\"e-font-icon-svg e-fas-check\" viewBox=\"0 0 512 512\" xmlns=\"http:\/\/www.w3.org\/2000\/svg\"><path d=\"M173.898 439.404l-166.4-166.4c-9.997-9.997-9.997-26.206 0-36.204l36.203-36.204c9.997-9.998 26.207-9.998 36.204 0L192 312.69 432.095 72.596c9.997-9.997 26.207-9.997 36.204 0l36.203 36.204c9.997 9.997 9.997 26.206 0 36.204l-294.4 294.401c-9.998 9.997-26.207 9.997-36.204-.001z\"><\/path><\/svg>\t\t\t\t\t\t<\/span>\n\t\t\t\t\t\t\t\t\t\t<span class=\"elementor-icon-list-text\">Rutschhemmende Reinigung f\u00fcr Sicherheit<\/span>\n\t\t\t\t\t\t\t\t\t<\/li>\n\t\t\t\t\t\t\t\t<li class=\"elementor-icon-list-item\">\n\t\t\t\t\t\t\t\t\t\t\t<span class=\"elementor-icon-list-icon\">\n\t\t\t\t\t\t\t<svg aria-hidden=\"true\" class=\"e-font-icon-svg e-fas-check\" viewBox=\"0 0 512 512\" xmlns=\"http:\/\/www.w3.org\/2000\/svg\"><path d=\"M173.898 439.404l-166.4-166.4c-9.997-9.997-9.997-26.206 0-36.204l36.203-36.204c9.997-9.998 26.207-9.998 36.204 0L192 312.69 432.095 72.596c9.997-9.997 26.207-9.997 36.204 0l36.203 36.204c9.997 9.997 9.997 26.206 0 36.204l-294.4 294.401c-9.998 9.997-26.207 9.997-36.204-.001z\"><\/path><\/svg>\t\t\t\t\t\t<\/span>\n\t\t\t\t\t\t\t\t\t\t<span class=\"elementor-icon-list-text\">Detaillierung von Ecken und Fugen<\/span>\n\t\t\t\t\t\t\t\t\t<\/li>\n\t\t\t\t\t\t<\/ul>\n\t\t\t\t\t\t<\/div>\n\t\t\t\t<\/div>\n\t\t<div class=\"elementor-element elementor-element-488cb94 e-con-full e-flex e-con e-child\" data-id=\"488cb94\" data-element_type=\"container\">\n\t\t\t\t<div class=\"elementor-element elementor-element-b3e3e23 elementor-widget elementor-widget-heading\" data-id=\"b3e3e23\" data-element_type=\"widget\" data-widget_type=\"heading.default\">\n\t\t\t\t\t<h3 class=\"elementor-heading-title elementor-size-default\">Individuell f\u00fcr Sie:<\/h3>\t\t\t\t<\/div>\n\t\t\t\t<div class=\"elementor-element elementor-element-7c527c9 elementor-widget elementor-widget-text-editor\" data-id=\"7c527c9\" data-element_type=\"widget\" data-widget_type=\"text-editor.default\">\n\t\t\t\t\t\t\t\t\t<p><span class=\"\">Unser <\/span><span class=\"\">Service <\/span><span class=\"\">ist <\/span><span class=\"\">flexibel <\/span><span class=\"\">planbar, <\/span><span class=\"\">egal <\/span><span class=\"\">ob <\/span><span class=\"\">regelm\u00e4\u00dfig, <\/span><span class=\"\">w\u00f6chentlich <\/span><span class=\"\">oder <\/span><span class=\"\">nach <\/span><span class=\"\">Bedarf <\/span><span class=\"\">\u2013 <\/span><span class=\"\">f\u00fcr <\/span><span class=\"\">ein <\/span><span class=\"\">stets <\/span><span class=\"\">gepflegtes <\/span><span class=\"\">Erscheinungsbild.<\/span><\/p>\t\t\t\t\t\t\t\t<\/div>\n\t\t\t\t<\/div>\n\t\t\t\t<\/div>\n\t\t\t\t\t<\/div>\n\t\t\t\t<\/div>\n\t\t<div class=\"elementor-element elementor-element-786be4c e-flex e-con-boxed e-con e-parent\" data-id=\"786be4c\" data-element_type=\"container\">\n\t\t\t\t\t<div class=\"e-con-inner\">\n\t\t\t\t<div class=\"elementor-element elementor-element-09aa360 elementor-widget elementor-widget-cta\" data-id=\"09aa360\" data-element_type=\"widget\" data-settings=\"{&quot;layout_preset&quot;:&quot;focus&quot;,&quot;cta_vertical_position&quot;:&quot;start&quot;,&quot;primary_button_shape&quot;:&quot;default&quot;,&quot;box_shape&quot;:&quot;sharp&quot;}\" data-widget_type=\"cta.default\">\n\t\t\t\t<div class=\"elementor-widget-container\">\n\t\t\t\t\t\t\t<div class=\"has-shape-sharp shape-type-box ehp-cta has-preset-focus\">\n\t\t\t<div class=\"ehp-cta__overlay\"><\/div>\n\t\t\t<div class=\"ehp-cta__elements-container\">\n\t\t\t\t\t\t<div class=\"ehp-cta__text-container\">\n\t\t\t<h2 class=\"ehp-cta__heading\">Interessiert an unseren Dienstleistungen?<\/h2><p class=\"ehp-cta__description\">Erfahren Sie mehr dar\u00fcber, wie unsere Reinigungsdienste Ihr Unternehmen unterst\u00fctzen k\u00f6nnen. Klicken Sie auf den folgenden Link, um ein ma\u00dfgeschneidertes Angebot zu erhalten oder uns direkt zu kontaktieren.<\/p>\t\t<\/div>\n\t\t\t\t\t<div class=\"ehp-cta__ctas-container\">\n\t\t\t\t<div class=\"ehp-cta__buttons-wrapper\">\n\t\t\t\t\t\t\t<a class=\"has-shape-default shape-type-button ehp-button ehp-button--primary ehp-cta__button ehp-cta__button--primary is-type-button\" href=\"\/#kontakt\">\n\t\t\t\t\t<span class=\"ehp-button__text ehp-cta__button-text ehp-cta__button-text--primary\">\n\t\t\tJetzt Kontakt aufnehmen\t\t\t\t<\/a>\n\t\t\t\t\t\t\t\t\t\t\t<\/div>\n\t\t\t<\/div>\n\t\t\t\t\t<\/div>\n\t\t<\/div>\n\t\t\t\t\t\t<\/div>\n\t\t\t\t<\/div>\n\t\t\t\t\t<\/div>\n\t\t\t\t<\/div>\n\t\t\t\t<\/div>\n\t\t","protected":false},"excerpt":{"rendered":"<p>Einladend und sicher vom ersten Schritt<\/p>\n","protected":false},"author":1,"featured_media":0,"parent":0,"menu_order":0,"comment_status":"closed","ping_status":"closed","template":"","meta":{"content-type":"","footnotes":""},"class_list":["post-451","page","type-page","status-publish","hentry"],"yoast_head":"<!-- This site is optimized with the Yoast SEO plugin v25.8 - https:\/\/yoast.com\/wordpress\/plugins\/seo\/ -->\n<title>Treppenhausreinigung - ABotix Clean<\/title>\n<meta name=\"robots\" content=\"index, follow, max-snippet:-1, max-image-preview:large, max-video-preview:-1\" \/>\n<link rel=\"canonical\" href=\"https:\/\/abotix.de\/?page_id=451\" \/>\n<meta property=\"og:locale\" content=\"de_DE\" \/>\n<meta property=\"og:type\" content=\"article\" \/>\n<meta property=\"og:title\" content=\"Treppenhausreinigung - ABotix Clean\" \/>\n<meta property=\"og:description\" content=\"Einladend und sicher vom ersten Schritt\" \/>\n<meta property=\"og:url\" content=\"https:\/\/abotix.de\/?page_id=451\" \/>\n<meta property=\"og:site_name\" content=\"ABotix Clean\" \/>\n<meta property=\"article:modified_time\" content=\"2025-09-08T14:02:00+00:00\" \/>\n<meta name=\"twitter:card\" content=\"summary_large_image\" \/>\n<meta name=\"twitter:label1\" content=\"Gesch\u00e4tzte Lesezeit\" \/>\n\t<meta name=\"twitter:data1\" content=\"1\u00a0Minute\" \/>\n<script type=\"application\/ld+json\" class=\"yoast-schema-graph\">{\"@context\":\"https:\/\/schema.org\",\"@graph\":[{\"@type\":\"WebPage\",\"@id\":\"https:\/\/abotix.de\/?page_id=451\",\"url\":\"https:\/\/abotix.de\/?page_id=451\",\"name\":\"Treppenhausreinigung - ABotix Clean\",\"isPartOf\":{\"@id\":\"https:\/\/abotix.de\/#website\"},\"datePublished\":\"2025-09-08T13:47:39+00:00\",\"dateModified\":\"2025-09-08T14:02:00+00:00\",\"breadcrumb\":{\"@id\":\"https:\/\/abotix.de\/?page_id=451#breadcrumb\"},\"inLanguage\":\"de\",\"potentialAction\":[{\"@type\":\"ReadAction\",\"target\":[\"https:\/\/abotix.de\/?page_id=451\"]}]},{\"@type\":\"BreadcrumbList\",\"@id\":\"https:\/\/abotix.de\/?page_id=451#breadcrumb\",\"itemListElement\":[{\"@type\":\"ListItem\",\"position\":1,\"name\":\"Startseite\",\"item\":\"https:\/\/abotix.de\/\"},{\"@type\":\"ListItem\",\"position\":2,\"name\":\"Treppenhausreinigung\"}]},{\"@type\":\"WebSite\",\"@id\":\"https:\/\/abotix.de\/#website\",\"url\":\"https:\/\/abotix.de\/\",\"name\":\"ABotix Clean\",\"description\":\"Professionelle Geb\u00e4udereinigung f\u00fcr Unternehmen &amp; Privatkunden\",\"potentialAction\":[{\"@type\":\"SearchAction\",\"target\":{\"@type\":\"EntryPoint\",\"urlTemplate\":\"https:\/\/abotix.de\/?s={search_term_string}\"},\"query-input\":{\"@type\":\"PropertyValueSpecification\",\"valueRequired\":true,\"valueName\":\"search_term_string\"}}],\"inLanguage\":\"de\"}]}<\/script>\n<!-- \/ Yoast SEO plugin. -->","yoast_head_json":{"title":"Treppenhausreinigung - ABotix Clean","robots":{"index":"index","follow":"follow","max-snippet":"max-snippet:-1","max-image-preview":"max-image-preview:large","max-video-preview":"max-video-preview:-1"},"canonical":"https:\/\/abotix.de\/?page_id=451","og_locale":"de_DE","og_type":"article","og_title":"Treppenhausreinigung - ABotix Clean","og_description":"Einladend und sicher vom ersten Schritt","og_url":"https:\/\/abotix.de\/?page_id=451","og_site_name":"ABotix Clean","article_modified_time":"2025-09-08T14:02:00+00:00","twitter_card":"summary_large_image","twitter_misc":{"Gesch\u00e4tzte Lesezeit":"1\u00a0Minute"},"schema":{"@context":"https:\/\/schema.org","@graph":[{"@type":"WebPage","@id":"https:\/\/abotix.de\/?page_id=451","url":"https:\/\/abotix.de\/?page_id=451","name":"Treppenhausreinigung - ABotix Clean","isPartOf":{"@id":"https:\/\/abotix.de\/#website"},"datePublished":"2025-09-08T13:47:39+00:00","dateModified":"2025-09-08T14:02:00+00:00","breadcrumb":{"@id":"https:\/\/abotix.de\/?page_id=451#breadcrumb"},"inLanguage":"de","potentialAction":[{"@type":"ReadAction","target":["https:\/\/abotix.de\/?page_id=451"]}]},{"@type":"BreadcrumbList","@id":"https:\/\/abotix.de\/?page_id=451#breadcrumb","itemListElement":[{"@type":"ListItem","position":1,"name":"Startseite","item":"https:\/\/abotix.de\/"},{"@type":"ListItem","position":2,"name":"Treppenhausreinigung"}]},{"@type":"WebSite","@id":"https:\/\/abotix.de\/#website","url":"https:\/\/abotix.de\/","name":"ABotix Clean","description":"Professionelle Geb\u00e4udereinigung f\u00fcr Unternehmen &amp; Privatkunden","potentialAction":[{"@type":"SearchAction","target":{"@type":"EntryPoint","urlTemplate":"https:\/\/abotix.de\/?s={search_term_string}"},"query-input":{"@type":"PropertyValueSpecification","valueRequired":true,"valueName":"search_term_string"}}],"inLanguage":"de"}]}},"_links":{"self":[{"href":"https:\/\/abotix.de\/index.php?rest_route=\/wp\/v2\/pages\/451","targetHints":{"allow":["GET"]}}],"collection":[{"href":"https:\/\/abotix.de\/index.php?rest_route=\/wp\/v2\/pages"}],"about":[{"href":"https:\/\/abotix.de\/index.php?rest_route=\/wp\/v2\/types\/page"}],"author":[{"embeddable":true,"href":"https:\/\/abotix.de\/index.php?rest_route=\/wp\/v2\/users\/1"}],"replies":[{"embeddable":true,"href":"https:\/\/abotix.de\/index.php?rest_route=%2Fwp%2Fv2%2Fcomments&post=451"}],"version-history":[{"count":7,"href":"https:\/\/abotix.de\/index.php?rest_route=\/wp\/v2\/pages\/451\/revisions"}],"predecessor-version":[{"id":492,"href":"https:\/\/abotix.de\/index.php?rest_route=\/wp\/v2\/pages\/451\/revisions\/492"}],"wp:attachment":[{"href":"https:\/\/abotix.de\/index.php?rest_route=%2Fwp%2Fv2%2Fmedia&parent=451"}],"curies":[{"name":"wp","href":"https:\/\/api.w.org\/{rel}","templated":true}]}}